{"id":9,"date":"2024-09-25T09:27:39","date_gmt":"2024-09-25T12:27:39","guid":{"rendered":"https:\/\/fabricadeautoridades.com.br\/?page_id=9"},"modified":"2025-03-20T10:58:16","modified_gmt":"2025-03-20T13:58:16","slug":"home","status":"publish","type":"page","link":"https:\/\/fabricadeautoridades.com.br\/","title":{"rendered":"Home"},"content":{"rendered":"<h1>Sua marca<br \/>\nprecisa chamar<br \/>\naten\u00e7\u00e3o<\/h1>\n<p>Na F\u00e1brica de Autoridades, fazemos do seu nome uma refer\u00eancia absoluta!<br \/>\nNossa equipe especializada em estrat\u00e9gias premium de marketing, sabe como elevar a sua marca a um novo patamar \u2014 e o melhor: com resultados que falam por si.<\/p>\n","protected":false},"excerpt":{"rendered":"<p>Sua marca precisa chamar aten\u00e7\u00e3o Na F\u00e1brica de Autoridades, fazemos do seu nome uma refer\u00eancia absoluta! Nossa equipe especializada em estrat\u00e9gias premium de marketing, sabe como elevar a sua marca a um novo patamar \u2014 e o melhor: com resultados que falam por si.<\/p>\n","protected":false},"author":1,"featured_media":157,"parent":0,"menu_order":0,"comment_status":"closed","ping_status":"closed","template":"landing-page.php","meta":{"inline_featured_image":false,"footnotes":""},"class_list":["post-9","page","type-page","status-publish","has-post-thumbnail","hentry"],"acf":[],"yoast_head":"<!-- This site is optimized with the Yoast SEO plugin v24.7 - https:\/\/yoast.com\/wordpress\/plugins\/seo\/ -->\n<title>Home - F\u00e1brica de Autoridades<\/title>\n<meta name=\"description\" content=\"Na F\u00e1brica de Autoridades, fazemos do seu nome uma refer\u00eancia absoluta! Nossa equipe especializada em estrat\u00e9gias premium de marketing...\" \/>\n<meta name=\"robots\" content=\"index, follow, max-snippet:-1, max-image-preview:large, max-video-preview:-1\" \/>\n<link rel=\"canonical\" href=\"https:\/\/fabricadeautoridades.com.br\/\" \/>\n<meta property=\"og:locale\" content=\"pt_BR\" \/>\n<meta property=\"og:type\" content=\"article\" \/>\n<meta property=\"og:title\" content=\"F\u00e1brica de Autoridades\" \/>\n<meta property=\"og:description\" content=\"Na F\u00e1brica de Autoridades, fazemos do seu nome uma refer\u00eancia absoluta! Nossa equipe especializada em estrat\u00e9gias premium de marketing...\" \/>\n<meta property=\"og:url\" content=\"https:\/\/fabricadeautoridades.com.br\/\" \/>\n<meta property=\"og:site_name\" content=\"F\u00e1brica de Autoridades\" \/>\n<meta property=\"article:modified_time\" content=\"2025-03-20T13:58:16+00:00\" \/>\n<meta property=\"og:image\" content=\"https:\/\/fabricadeautoridades.com.br\/wp-content\/uploads\/2025\/03\/face.jpg\" \/>\n\t<meta property=\"og:image:width\" content=\"250\" \/>\n\t<meta property=\"og:image:height\" content=\"250\" \/>\n\t<meta property=\"og:image:type\" content=\"image\/jpeg\" \/>\n<meta name=\"twitter:card\" content=\"summary_large_image\" \/>\n<meta name=\"twitter:title\" content=\"F\u00e1brica de Autoridades\" \/>\n<meta name=\"twitter:description\" content=\"Na F\u00e1brica de Autoridades, fazemos do seu nome uma refer\u00eancia absoluta! Nossa equipe especializada em estrat\u00e9gias premium de marketing...\" \/>\n<meta name=\"twitter:image\" content=\"https:\/\/fabricadeautoridades.com.br\/wp-content\/uploads\/2025\/03\/face.jpg\" \/>\n<meta name=\"twitter:label1\" content=\"Est. tempo de leitura\" \/>\n\t<meta name=\"twitter:data1\" content=\"1 minuto\" \/>\n<script type=\"application\/ld+json\" class=\"yoast-schema-graph\">{\"@context\":\"https:\/\/schema.org\",\"@graph\":[{\"@type\":\"WebPage\",\"@id\":\"https:\/\/fabricadeautoridades.com.br\/\",\"url\":\"https:\/\/fabricadeautoridades.com.br\/\",\"name\":\"Home - F\u00e1brica de Autoridades\",\"isPartOf\":{\"@id\":\"https:\/\/fabricadeautoridades.com.br\/#website\"},\"primaryImageOfPage\":{\"@id\":\"https:\/\/fabricadeautoridades.com.br\/#primaryimage\"},\"image\":{\"@id\":\"https:\/\/fabricadeautoridades.com.br\/#primaryimage\"},\"thumbnailUrl\":\"https:\/\/fabricadeautoridades.com.br\/wp-content\/uploads\/2025\/03\/bg1.jpg\",\"datePublished\":\"2024-09-25T12:27:39+00:00\",\"dateModified\":\"2025-03-20T13:58:16+00:00\",\"description\":\"Na F\u00e1brica de Autoridades, fazemos do seu nome uma refer\u00eancia absoluta! Nossa equipe especializada em estrat\u00e9gias premium de marketing...\",\"breadcrumb\":{\"@id\":\"https:\/\/fabricadeautoridades.com.br\/#breadcrumb\"},\"inLanguage\":\"pt-BR\",\"potentialAction\":[{\"@type\":\"ReadAction\",\"target\":[\"https:\/\/fabricadeautoridades.com.br\/\"]}]},{\"@type\":\"ImageObject\",\"inLanguage\":\"pt-BR\",\"@id\":\"https:\/\/fabricadeautoridades.com.br\/#primaryimage\",\"url\":\"https:\/\/fabricadeautoridades.com.br\/wp-content\/uploads\/2025\/03\/bg1.jpg\",\"contentUrl\":\"https:\/\/fabricadeautoridades.com.br\/wp-content\/uploads\/2025\/03\/bg1.jpg\",\"width\":1520,\"height\":855},{\"@type\":\"BreadcrumbList\",\"@id\":\"https:\/\/fabricadeautoridades.com.br\/#breadcrumb\",\"itemListElement\":[{\"@type\":\"ListItem\",\"position\":1,\"name\":\"In\u00edcio\",\"item\":\"https:\/\/fabricadeautoridades.com.br\/\"},{\"@type\":\"ListItem\",\"position\":2,\"name\":\"Home\"}]},{\"@type\":\"WebSite\",\"@id\":\"https:\/\/fabricadeautoridades.com.br\/#website\",\"url\":\"https:\/\/fabricadeautoridades.com.br\/\",\"name\":\"F\u00e1brica de Autoridades\",\"description\":\"\",\"publisher\":{\"@id\":\"https:\/\/fabricadeautoridades.com.br\/#organization\"},\"potentialAction\":[{\"@type\":\"SearchAction\",\"target\":{\"@type\":\"EntryPoint\",\"urlTemplate\":\"https:\/\/fabricadeautoridades.com.br\/?s={search_term_string}\"},\"query-input\":{\"@type\":\"PropertyValueSpecification\",\"valueRequired\":true,\"valueName\":\"search_term_string\"}}],\"inLanguage\":\"pt-BR\"},{\"@type\":\"Organization\",\"@id\":\"https:\/\/fabricadeautoridades.com.br\/#organization\",\"name\":\"F\u00e1brica de Autoridades\",\"url\":\"https:\/\/fabricadeautoridades.com.br\/\",\"logo\":{\"@type\":\"ImageObject\",\"inLanguage\":\"pt-BR\",\"@id\":\"https:\/\/fabricadeautoridades.com.br\/#\/schema\/logo\/image\/\",\"url\":\"https:\/\/fabricadeautoridades.com.br\/wp-content\/uploads\/2025\/03\/face.jpg\",\"contentUrl\":\"https:\/\/fabricadeautoridades.com.br\/wp-content\/uploads\/2025\/03\/face.jpg\",\"width\":250,\"height\":250,\"caption\":\"F\u00e1brica de Autoridades\"},\"image\":{\"@id\":\"https:\/\/fabricadeautoridades.com.br\/#\/schema\/logo\/image\/\"},\"sameAs\":[\"https:\/\/www.instagram.com\/conexaopress?igsh=b3NiMWEwcDZoZXRs\"]}]}<\/script>\n<!-- \/ Yoast SEO plugin. -->","yoast_head_json":{"title":"Home - F\u00e1brica de Autoridades","description":"Na F\u00e1brica de Autoridades, fazemos do seu nome uma refer\u00eancia absoluta! Nossa equipe especializada em estrat\u00e9gias premium de marketing...","robots":{"index":"index","follow":"follow","max-snippet":"max-snippet:-1","max-image-preview":"max-image-preview:large","max-video-preview":"max-video-preview:-1"},"canonical":"https:\/\/fabricadeautoridades.com.br\/","og_locale":"pt_BR","og_type":"article","og_title":"F\u00e1brica de Autoridades","og_description":"Na F\u00e1brica de Autoridades, fazemos do seu nome uma refer\u00eancia absoluta! Nossa equipe especializada em estrat\u00e9gias premium de marketing...","og_url":"https:\/\/fabricadeautoridades.com.br\/","og_site_name":"F\u00e1brica de Autoridades","article_modified_time":"2025-03-20T13:58:16+00:00","og_image":[{"width":250,"height":250,"url":"https:\/\/fabricadeautoridades.com.br\/wp-content\/uploads\/2025\/03\/face.jpg","type":"image\/jpeg"}],"twitter_card":"summary_large_image","twitter_title":"F\u00e1brica de Autoridades","twitter_description":"Na F\u00e1brica de Autoridades, fazemos do seu nome uma refer\u00eancia absoluta! Nossa equipe especializada em estrat\u00e9gias premium de marketing...","twitter_image":"https:\/\/fabricadeautoridades.com.br\/wp-content\/uploads\/2025\/03\/face.jpg","twitter_misc":{"Est. tempo de leitura":"1 minuto"},"schema":{"@context":"https:\/\/schema.org","@graph":[{"@type":"WebPage","@id":"https:\/\/fabricadeautoridades.com.br\/","url":"https:\/\/fabricadeautoridades.com.br\/","name":"Home - F\u00e1brica de Autoridades","isPartOf":{"@id":"https:\/\/fabricadeautoridades.com.br\/#website"},"primaryImageOfPage":{"@id":"https:\/\/fabricadeautoridades.com.br\/#primaryimage"},"image":{"@id":"https:\/\/fabricadeautoridades.com.br\/#primaryimage"},"thumbnailUrl":"https:\/\/fabricadeautoridades.com.br\/wp-content\/uploads\/2025\/03\/bg1.jpg","datePublished":"2024-09-25T12:27:39+00:00","dateModified":"2025-03-20T13:58:16+00:00","description":"Na F\u00e1brica de Autoridades, fazemos do seu nome uma refer\u00eancia absoluta! Nossa equipe especializada em estrat\u00e9gias premium de marketing...","breadcrumb":{"@id":"https:\/\/fabricadeautoridades.com.br\/#breadcrumb"},"inLanguage":"pt-BR","potentialAction":[{"@type":"ReadAction","target":["https:\/\/fabricadeautoridades.com.br\/"]}]},{"@type":"ImageObject","inLanguage":"pt-BR","@id":"https:\/\/fabricadeautoridades.com.br\/#primaryimage","url":"https:\/\/fabricadeautoridades.com.br\/wp-content\/uploads\/2025\/03\/bg1.jpg","contentUrl":"https:\/\/fabricadeautoridades.com.br\/wp-content\/uploads\/2025\/03\/bg1.jpg","width":1520,"height":855},{"@type":"BreadcrumbList","@id":"https:\/\/fabricadeautoridades.com.br\/#breadcrumb","itemListElement":[{"@type":"ListItem","position":1,"name":"In\u00edcio","item":"https:\/\/fabricadeautoridades.com.br\/"},{"@type":"ListItem","position":2,"name":"Home"}]},{"@type":"WebSite","@id":"https:\/\/fabricadeautoridades.com.br\/#website","url":"https:\/\/fabricadeautoridades.com.br\/","name":"F\u00e1brica de Autoridades","description":"","publisher":{"@id":"https:\/\/fabricadeautoridades.com.br\/#organization"},"potentialAction":[{"@type":"SearchAction","target":{"@type":"EntryPoint","urlTemplate":"https:\/\/fabricadeautoridades.com.br\/?s={search_term_string}"},"query-input":{"@type":"PropertyValueSpecification","valueRequired":true,"valueName":"search_term_string"}}],"inLanguage":"pt-BR"},{"@type":"Organization","@id":"https:\/\/fabricadeautoridades.com.br\/#organization","name":"F\u00e1brica de Autoridades","url":"https:\/\/fabricadeautoridades.com.br\/","logo":{"@type":"ImageObject","inLanguage":"pt-BR","@id":"https:\/\/fabricadeautoridades.com.br\/#\/schema\/logo\/image\/","url":"https:\/\/fabricadeautoridades.com.br\/wp-content\/uploads\/2025\/03\/face.jpg","contentUrl":"https:\/\/fabricadeautoridades.com.br\/wp-content\/uploads\/2025\/03\/face.jpg","width":250,"height":250,"caption":"F\u00e1brica de Autoridades"},"image":{"@id":"https:\/\/fabricadeautoridades.com.br\/#\/schema\/logo\/image\/"},"sameAs":["https:\/\/www.instagram.com\/conexaopress?igsh=b3NiMWEwcDZoZXRs"]}]}},"_links":{"self":[{"href":"https:\/\/fabricadeautoridades.com.br\/index.php\/wp-json\/wp\/v2\/pages\/9","targetHints":{"allow":["GET"]}}],"collection":[{"href":"https:\/\/fabricadeautoridades.com.br\/index.php\/wp-json\/wp\/v2\/pages"}],"about":[{"href":"https:\/\/fabricadeautoridades.com.br\/index.php\/wp-json\/wp\/v2\/types\/page"}],"author":[{"embeddable":true,"href":"https:\/\/fabricadeautoridades.com.br\/index.php\/wp-json\/wp\/v2\/users\/1"}],"replies":[{"embeddable":true,"href":"https:\/\/fabricadeautoridades.com.br\/index.php\/wp-json\/wp\/v2\/comments?post=9"}],"version-history":[{"count":52,"href":"https:\/\/fabricadeautoridades.com.br\/index.php\/wp-json\/wp\/v2\/pages\/9\/revisions"}],"predecessor-version":[{"id":185,"href":"https:\/\/fabricadeautoridades.com.br\/index.php\/wp-json\/wp\/v2\/pages\/9\/revisions\/185"}],"wp:featuredmedia":[{"embeddable":true,"href":"https:\/\/fabricadeautoridades.com.br\/index.php\/wp-json\/wp\/v2\/media\/157"}],"wp:attachment":[{"href":"https:\/\/fabricadeautoridades.com.br\/index.php\/wp-json\/wp\/v2\/media?parent=9"}],"curies":[{"name":"wp","href":"https:\/\/api.w.org\/{rel}","templated":true}]}}